{"id":61,"date":"2024-01-11T15:19:35","date_gmt":"2024-01-11T15:19:35","guid":{"rendered":"https:\/\/cloud1.websitecare.dk\/~hajsmeden\/?page_id=61"},"modified":"2024-06-04T14:59:28","modified_gmt":"2024-06-04T14:59:28","slug":"services","status":"publish","type":"page","link":"https:\/\/haj-smeden.dk\/?page_id=61","title":{"rendered":"Services"},"content":{"rendered":"\t\t<div data-elementor-type=\"wp-page\" data-elementor-id=\"61\" class=\"elementor elementor-61\" data-elementor-post-type=\"page\">\n\t\t\t\t<div class=\"elementor-element elementor-element-3bb41793 e-flex e-con-boxed e-con e-parent\" data-id=\"3bb41793\" data-element_type=\"container\">\n\t\t\t\t\t<div class=\"e-con-inner\">\n\t\t\t\t<div class=\"elementor-element elementor-element-4674f152 elementor-invisible elementor-widget elementor-widget-heading\" data-id=\"4674f152\" data-element_type=\"widget\" data-settings=\"{&quot;_animation&quot;:&quot;fadeIn&quot;}\" data-widget_type=\"heading.default\">\n\t\t\t\t<div class=\"elementor-widget-container\">\n\t\t\t<style>\/*! elementor - v3.21.0 - 26-05-2024 *\/\n.elementor-heading-title{padding:0;margin:0;line-height:1}.elementor-widget-heading .elementor-heading-title[class*=elementor-size-]>a{color:inherit;font-size:inherit;line-height:inherit}.elementor-widget-heading .elementor-heading-title.elementor-size-small{font-size:15px}.elementor-widget-heading .elementor-heading-title.elementor-size-medium{font-size:19px}.elementor-widget-heading .elementor-heading-title.elementor-size-large{font-size:29px}.elementor-widget-heading .elementor-heading-title.elementor-size-xl{font-size:39px}.elementor-widget-heading .elementor-heading-title.elementor-size-xxl{font-size:59px}<\/style><h1 class=\"elementor-heading-title elementor-size-default\">Vores Serviceydelser<\/h1>\t\t<\/div>\n\t\t\t\t<\/div>\n\t\t\t\t\t<\/div>\n\t\t\t\t<\/div>\n\t\t<div class=\"elementor-element elementor-element-2d137094 e-flex e-con-boxed e-con e-parent\" data-id=\"2d137094\" data-element_type=\"container\" data-settings=\"{&quot;background_background&quot;:&quot;classic&quot;}\">\n\t\t\t\t\t<div class=\"e-con-inner\">\n\t\t<div class=\"elementor-element elementor-element-3e3cdba3 e-con-full e-flex e-con e-child\" data-id=\"3e3cdba3\" data-element_type=\"container\">\n\t\t\t\t<div class=\"elementor-element elementor-element-3e3531af elementor-widget elementor-widget-heading\" data-id=\"3e3531af\" data-element_type=\"widget\" data-widget_type=\"heading.default\">\n\t\t\t\t<div class=\"elementor-widget-container\">\n\t\t\t<h2 class=\"elementor-heading-title elementor-size-default\">R\u00f8rsvejsning<\/h2>\t\t<\/div>\n\t\t\t\t<\/div>\n\t\t\t\t<div class=\"elementor-element elementor-element-5e60caed elementor-widget elementor-widget-text-editor\" data-id=\"5e60caed\" data-element_type=\"widget\" data-widget_type=\"text-editor.default\">\n\t\t\t\t<div class=\"elementor-widget-container\">\n\t\t\t<style>\/*! elementor - v3.21.0 - 26-05-2024 *\/\n.elementor-widget-text-editor.elementor-drop-cap-view-stacked .elementor-drop-cap{background-color:#69727d;color:#fff}.elementor-widget-text-editor.elementor-drop-cap-view-framed .elementor-drop-cap{color:#69727d;border:3px solid;background-color:transparent}.elementor-widget-text-editor:not(.elementor-drop-cap-view-default) .elementor-drop-cap{margin-top:8px}.elementor-widget-text-editor:not(.elementor-drop-cap-view-default) .elementor-drop-cap-letter{width:1em;height:1em}.elementor-widget-text-editor .elementor-drop-cap{float:left;text-align:center;line-height:1;font-size:50px}.elementor-widget-text-editor .elementor-drop-cap-letter{display:inline-block}<\/style>\t\t\t\t<div class=\"flex flex-grow flex-col max-w-full\"><div class=\"min-h-[20px] text-message flex flex-col items-start whitespace-pre-wrap break-words [.text-message+&amp;]:mt-5 juice:w-full juice:items-end overflow-x-auto gap-2\" dir=\"auto\" data-message-author-role=\"assistant\" data-message-id=\"88e06331-4381-4993-8310-e09bd35ad436\"><div class=\"flex w-full flex-col gap-1 juice:empty:hidden juice:first:pt-[3px]\"><div class=\"markdown prose w-full break-words dark:prose-invert dark\"><p>R\u00f8rsvejsning er en specialiseret proces, hvor vi forbinder r\u00f8r, ofte lavet af metal, ved hj\u00e6lp af forskellige svejseteknikker. M\u00e5let er at skabe en st\u00e6rk og holdbar forbindelse, der kan modst\u00e5 b\u00e5de tryk og andre p\u00e5virkninger. Denne type svejsning er afg\u00f8rende for mange industrier, da den sikrer p\u00e5lidelige og t\u00e6tte r\u00f8rforbindelser.<\/p><\/div><\/div><\/div><\/div>\t\t\t\t\t\t<\/div>\n\t\t\t\t<\/div>\n\t\t\t\t<\/div>\n\t\t<div class=\"elementor-element elementor-element-120e57f3 e-con-full e-flex e-con e-child\" data-id=\"120e57f3\" data-element_type=\"container\">\n\t\t\t\t<div class=\"elementor-element elementor-element-20e02c42 elementor-widget elementor-widget-image\" data-id=\"20e02c42\" data-element_type=\"widget\" data-widget_type=\"image.default\">\n\t\t\t\t<div class=\"elementor-widget-container\">\n\t\t\t<style>\/*! elementor - v3.21.0 - 26-05-2024 *\/\n.elementor-widget-image{text-align:center}.elementor-widget-image a{display:inline-block}.elementor-widget-image a img[src$=\".svg\"]{width:48px}.elementor-widget-image img{vertical-align:middle;display:inline-block}<\/style>\t\t\t\t\t\t\t\t\t\t<img fetchpriority=\"high\" decoding=\"async\" width=\"572\" height=\"491\" src=\"https:\/\/haj-smeden.dk\/wp-content\/uploads\/2024\/01\/service-img.jpg\" class=\"attachment-large size-large wp-image-62\" alt=\"\" srcset=\"https:\/\/haj-smeden.dk\/wp-content\/uploads\/2024\/01\/service-img.jpg 572w, https:\/\/haj-smeden.dk\/wp-content\/uploads\/2024\/01\/service-img-300x258.jpg 300w\" sizes=\"(max-width: 572px) 100vw, 572px\" \/>\t\t\t\t\t\t\t\t\t\t\t\t\t<\/div>\n\t\t\t\t<\/div>\n\t\t\t\t<\/div>\n\t\t\t\t\t<\/div>\n\t\t\t\t<\/div>\n\t\t<div class=\"elementor-element elementor-element-443577a8 e-flex e-con-boxed e-con e-parent\" data-id=\"443577a8\" data-element_type=\"container\" data-settings=\"{&quot;background_background&quot;:&quot;classic&quot;}\">\n\t\t\t\t\t<div class=\"e-con-inner\">\n\t\t<div class=\"elementor-element elementor-element-55bda7d9 e-con-full e-flex e-con e-child\" data-id=\"55bda7d9\" data-element_type=\"container\">\n\t\t\t\t<div class=\"elementor-element elementor-element-2b142c67 elementor-widget elementor-widget-image\" data-id=\"2b142c67\" data-element_type=\"widget\" data-widget_type=\"image.default\">\n\t\t\t\t<div class=\"elementor-widget-container\">\n\t\t\t\t\t\t\t\t\t\t\t\t\t<img fetchpriority=\"high\" decoding=\"async\" width=\"572\" height=\"491\" src=\"https:\/\/haj-smeden.dk\/wp-content\/uploads\/2024\/01\/service-img.jpg\" class=\"attachment-large size-large wp-image-62\" alt=\"\" srcset=\"https:\/\/haj-smeden.dk\/wp-content\/uploads\/2024\/01\/service-img.jpg 572w, https:\/\/haj-smeden.dk\/wp-content\/uploads\/2024\/01\/service-img-300x258.jpg 300w\" sizes=\"(max-width: 572px) 100vw, 572px\" \/>\t\t\t\t\t\t\t\t\t\t\t\t\t<\/div>\n\t\t\t\t<\/div>\n\t\t\t\t<\/div>\n\t\t<div class=\"elementor-element elementor-element-36e70d0b e-con-full e-flex e-con e-child\" data-id=\"36e70d0b\" data-element_type=\"container\">\n\t\t\t\t<div class=\"elementor-element elementor-element-2aee5387 elementor-widget elementor-widget-heading\" data-id=\"2aee5387\" data-element_type=\"widget\" data-widget_type=\"heading.default\">\n\t\t\t\t<div class=\"elementor-widget-container\">\n\t\t\t<h2 class=\"elementor-heading-title elementor-size-default\">smede<\/h2>\t\t<\/div>\n\t\t\t\t<\/div>\n\t\t\t\t<div class=\"elementor-element elementor-element-37503f83 elementor-widget elementor-widget-text-editor\" data-id=\"37503f83\" data-element_type=\"widget\" data-widget_type=\"text-editor.default\">\n\t\t\t\t<div class=\"elementor-widget-container\">\n\t\t\t\t\t\t\t<p>Smedning er en specialiseret proces, hvor vi former metal ved hj\u00e6lp af opvarmning og forskellige v\u00e6rkt\u00f8jer. M\u00e5let er at skabe st\u00e6rke, holdbare og funktionelle metalprodukter, der kan modst\u00e5 forskellige former for belastning. Smedning er en vigtig del af mange industrier og sikrer, at metalprodukter er b\u00e5de p\u00e5lidelige og langtidsholdbare.<\/p>\t\t\t\t\t\t<\/div>\n\t\t\t\t<\/div>\n\t\t\t\t<\/div>\n\t\t\t\t\t<\/div>\n\t\t\t\t<\/div>\n\t\t<div class=\"elementor-element elementor-element-7c7b8b09 e-flex e-con-boxed e-con e-parent\" data-id=\"7c7b8b09\" data-element_type=\"container\" data-settings=\"{&quot;background_background&quot;:&quot;classic&quot;}\">\n\t\t\t\t\t<div class=\"e-con-inner\">\n\t\t<div class=\"elementor-element elementor-element-634498cc e-con-full e-flex e-con e-child\" data-id=\"634498cc\" data-element_type=\"container\">\n\t\t\t\t<div class=\"elementor-element elementor-element-49393d23 elementor-widget elementor-widget-heading\" data-id=\"49393d23\" data-element_type=\"widget\" data-widget_type=\"heading.default\">\n\t\t\t\t<div class=\"elementor-widget-container\">\n\t\t\t<h2 class=\"elementor-heading-title elementor-size-default\">Projekt Ledelse<\/h2>\t\t<\/div>\n\t\t\t\t<\/div>\n\t\t\t\t<div class=\"elementor-element elementor-element-3e8e7371 elementor-widget elementor-widget-text-editor\" data-id=\"3e8e7371\" data-element_type=\"widget\" data-widget_type=\"text-editor.default\">\n\t\t\t\t<div class=\"elementor-widget-container\">\n\t\t\t\t\t\t\t<p>A short paragraph describing your company\u2019s goals or mission statement. This section is meant to help visitors understand the purpose of your business.\u00a0<\/p><p>Lorem ipsum elementum tempus egestas sed sed. Eget nullam non nisi est sit amet facilisis magna. Venenatis cras sed felis eget velit aliquet sagittis id consectetur. Ipsum dolor sit amet consectetur adipiscing. Magna sit amet purus gravida quis. Praesent tristique magna sit amet purus. Turpis nunc eget lorem dolor sed. Dui id ornare arcu odio ut.<\/p>\t\t\t\t\t\t<\/div>\n\t\t\t\t<\/div>\n\t\t\t\t<\/div>\n\t\t<div class=\"elementor-element elementor-element-1dfbcf8e e-con-full e-flex e-con e-child\" data-id=\"1dfbcf8e\" data-element_type=\"container\">\n\t\t\t\t<div class=\"elementor-element elementor-element-5df17e8 elementor-widget elementor-widget-image\" data-id=\"5df17e8\" data-element_type=\"widget\" data-widget_type=\"image.default\">\n\t\t\t\t<div class=\"elementor-widget-container\">\n\t\t\t\t\t\t\t\t\t\t\t\t\t<img fetchpriority=\"high\" decoding=\"async\" width=\"572\" height=\"491\" src=\"https:\/\/haj-smeden.dk\/wp-content\/uploads\/2024\/01\/service-img.jpg\" class=\"attachment-large size-large wp-image-62\" alt=\"\" srcset=\"https:\/\/haj-smeden.dk\/wp-content\/uploads\/2024\/01\/service-img.jpg 572w, https:\/\/haj-smeden.dk\/wp-content\/uploads\/2024\/01\/service-img-300x258.jpg 300w\" sizes=\"(max-width: 572px) 100vw, 572px\" \/>\t\t\t\t\t\t\t\t\t\t\t\t\t<\/div>\n\t\t\t\t<\/div>\n\t\t\t\t<\/div>\n\t\t\t\t\t<\/div>\n\t\t\t\t<\/div>\n\t\t<div class=\"elementor-element elementor-element-4715a1a2 e-flex e-con-boxed e-con e-parent\" data-id=\"4715a1a2\" data-element_type=\"container\" data-settings=\"{&quot;background_background&quot;:&quot;classic&quot;}\">\n\t\t\t\t\t<div class=\"e-con-inner\">\n\t\t<div class=\"elementor-element elementor-element-2325c394 e-con-full e-flex e-con e-child\" data-id=\"2325c394\" data-element_type=\"container\">\n\t\t\t\t<div class=\"elementor-element elementor-element-5ad9678c elementor-widget elementor-widget-image\" data-id=\"5ad9678c\" data-element_type=\"widget\" data-widget_type=\"image.default\">\n\t\t\t\t<div class=\"elementor-widget-container\">\n\t\t\t\t\t\t\t\t\t\t\t\t\t<img fetchpriority=\"high\" decoding=\"async\" width=\"572\" height=\"491\" src=\"https:\/\/haj-smeden.dk\/wp-content\/uploads\/2024\/01\/service-img.jpg\" class=\"attachment-large size-large wp-image-62\" alt=\"\" srcset=\"https:\/\/haj-smeden.dk\/wp-content\/uploads\/2024\/01\/service-img.jpg 572w, https:\/\/haj-smeden.dk\/wp-content\/uploads\/2024\/01\/service-img-300x258.jpg 300w\" sizes=\"(max-width: 572px) 100vw, 572px\" \/>\t\t\t\t\t\t\t\t\t\t\t\t\t<\/div>\n\t\t\t\t<\/div>\n\t\t\t\t<\/div>\n\t\t<div class=\"elementor-element elementor-element-4354a18 e-con-full e-flex e-con e-child\" data-id=\"4354a18\" data-element_type=\"container\">\n\t\t\t\t<div class=\"elementor-element elementor-element-54ba73ea elementor-widget elementor-widget-heading\" data-id=\"54ba73ea\" data-element_type=\"widget\" data-widget_type=\"heading.default\">\n\t\t\t\t<div class=\"elementor-widget-container\">\n\t\t\t<h2 class=\"elementor-heading-title elementor-size-default\">Service 4<\/h2>\t\t<\/div>\n\t\t\t\t<\/div>\n\t\t\t\t<div class=\"elementor-element elementor-element-722f39de elementor-widget elementor-widget-text-editor\" data-id=\"722f39de\" data-element_type=\"widget\" data-widget_type=\"text-editor.default\">\n\t\t\t\t<div class=\"elementor-widget-container\">\n\t\t\t\t\t\t\t<p>A short paragraph describing your company\u2019s goals or mission statement. This section is meant to help visitors understand the purpose of your business.\u00a0<\/p><p>Lorem ipsum elementum tempus egestas sed sed. Eget nullam non nisi est sit amet facilisis magna. Venenatis cras sed felis eget velit aliquet sagittis id consectetur. Ipsum dolor sit amet consectetur adipiscing. Magna sit amet purus gravida quis. Praesent tristique magna sit amet purus. Turpis nunc eget lorem dolor sed. Dui id ornare arcu odio ut.<\/p>\t\t\t\t\t\t<\/div>\n\t\t\t\t<\/div>\n\t\t\t\t<\/div>\n\t\t\t\t\t<\/div>\n\t\t\t\t<\/div>\n\t\t<div class=\"elementor-element elementor-element-4098e858 e-flex e-con-boxed e-con e-parent\" data-id=\"4098e858\" data-element_type=\"container\" data-settings=\"{&quot;background_background&quot;:&quot;classic&quot;}\">\n\t\t\t\t\t<div class=\"e-con-inner\">\n\t\t<div class=\"elementor-element elementor-element-6eb45547 e-con-full e-flex e-con e-child\" data-id=\"6eb45547\" data-element_type=\"container\">\n\t\t\t\t<div class=\"elementor-element elementor-element-6b4b05c4 elementor-widget elementor-widget-heading\" data-id=\"6b4b05c4\" data-element_type=\"widget\" data-widget_type=\"heading.default\">\n\t\t\t\t<div class=\"elementor-widget-container\">\n\t\t\t<h2 class=\"elementor-heading-title elementor-size-default\">Service 5<\/h2>\t\t<\/div>\n\t\t\t\t<\/div>\n\t\t\t\t<div class=\"elementor-element elementor-element-4f05de38 elementor-widget elementor-widget-text-editor\" data-id=\"4f05de38\" data-element_type=\"widget\" data-widget_type=\"text-editor.default\">\n\t\t\t\t<div class=\"elementor-widget-container\">\n\t\t\t\t\t\t\t<p>A short paragraph describing your company\u2019s goals or mission statement. This section is meant to help visitors understand the purpose of your business.\u00a0<\/p><p>Lorem ipsum elementum tempus egestas sed sed. Eget nullam non nisi est sit amet facilisis magna. Venenatis cras sed felis eget velit aliquet sagittis id consectetur. Ipsum dolor sit amet consectetur adipiscing. Magna sit amet purus gravida quis. Praesent tristique magna sit amet purus. Turpis nunc eget lorem dolor sed. Dui id ornare arcu odio ut.<\/p>\t\t\t\t\t\t<\/div>\n\t\t\t\t<\/div>\n\t\t\t\t<\/div>\n\t\t<div class=\"elementor-element elementor-element-1116040e e-con-full e-flex e-con e-child\" data-id=\"1116040e\" data-element_type=\"container\">\n\t\t\t\t<div class=\"elementor-element elementor-element-3ad6070d elementor-widget elementor-widget-image\" data-id=\"3ad6070d\" data-element_type=\"widget\" data-widget_type=\"image.default\">\n\t\t\t\t<div class=\"elementor-widget-container\">\n\t\t\t\t\t\t\t\t\t\t\t\t\t<img fetchpriority=\"high\" decoding=\"async\" width=\"572\" height=\"491\" src=\"https:\/\/haj-smeden.dk\/wp-content\/uploads\/2024\/01\/service-img.jpg\" class=\"attachment-large size-large wp-image-62\" alt=\"\" srcset=\"https:\/\/haj-smeden.dk\/wp-content\/uploads\/2024\/01\/service-img.jpg 572w, https:\/\/haj-smeden.dk\/wp-content\/uploads\/2024\/01\/service-img-300x258.jpg 300w\" sizes=\"(max-width: 572px) 100vw, 572px\" \/>\t\t\t\t\t\t\t\t\t\t\t\t\t<\/div>\n\t\t\t\t<\/div>\n\t\t\t\t<\/div>\n\t\t\t\t\t<\/div>\n\t\t\t\t<\/div>\n\t\t<div class=\"elementor-element elementor-element-3822c4f8 e-flex e-con-boxed e-con e-parent\" data-id=\"3822c4f8\" data-element_type=\"container\">\n\t\t\t\t\t<div class=\"e-con-inner\">\n\t\t\t\t<div class=\"elementor-element elementor-element-1ceecb88 elementor-cta--layout-image-left elementor-cta--valign-middle elementor-cta--mobile-layout-image-above elementor-cta--skin-classic elementor-animated-content elementor-bg-transform elementor-bg-transform-zoom-in elementor-widget elementor-widget-call-to-action\" data-id=\"1ceecb88\" data-element_type=\"widget\" data-widget_type=\"call-to-action.default\">\n\t\t\t\t<div class=\"elementor-widget-container\">\n\t\t\t<link rel=\"stylesheet\" href=\"https:\/\/haj-smeden.dk\/wp-content\/plugins\/elementor-pro\/assets\/css\/widget-call-to-action.min.css\">\t\t<div class=\"elementor-cta\">\n\t\t\t\t\t<div class=\"elementor-cta__bg-wrapper\">\n\t\t\t\t<div class=\"elementor-cta__bg elementor-bg\" style=\"background-image: url(https:\/\/haj-smeden.dk\/wp-content\/uploads\/2024\/01\/cta-img.jpg);\" role=\"img\" aria-label=\"cta-img.jpg\"><\/div>\n\t\t\t\t<div class=\"elementor-cta__bg-overlay\"><\/div>\n\t\t\t<\/div>\n\t\t\t\t\t\t\t<div class=\"elementor-cta__content\">\n\t\t\t\t\n\t\t\t\t\t\t\t\t\t<h2 class=\"elementor-cta__title elementor-cta__content-item elementor-content-item\">\n\t\t\t\t\t\tA Key Benefit You Want to Emphasize\t\t\t\t\t<\/h2>\n\t\t\t\t\n\t\t\t\t\t\t\t\t\t<div class=\"elementor-cta__description elementor-cta__content-item elementor-content-item\">\n\t\t\t\t\t\tTell the visitor how you will deliver this benefit if they decide to work with you.\t\t\t\t\t<\/div>\n\t\t\t\t\n\t\t\t\t\t\t\t\t\t<div class=\"elementor-cta__button-wrapper elementor-cta__content-item elementor-content-item \">\n\t\t\t\t\t<a class=\"elementor-cta__button elementor-button elementor-size-md\" href=\"https:\/\/haj-smeden.dk\/?page_id=61\">\n\t\t\t\t\t\tLearn More\t\t\t\t\t<\/a>\n\t\t\t\t\t<\/div>\n\t\t\t\t\t\t\t<\/div>\n\t\t\t\t\t\t<\/div>\n\t\t\t\t<\/div>\n\t\t\t\t<\/div>\n\t\t\t\t\t<\/div>\n\t\t\t\t<\/div>\n\t\t\t\t<\/div>\n\t\t","protected":false},"excerpt":{"rendered":"<p>Vores Serviceydelser R\u00f8rsvejsning R\u00f8rsvejsning er en specialiseret proces, hvor vi forbinder r\u00f8r, ofte lavet af metal, ved hj\u00e6lp af forskellige svejseteknikker. M\u00e5let er at skabe en st\u00e6rk og holdbar forbindelse, der kan modst\u00e5 b\u00e5de tryk og andre p\u00e5virkninger. Denne type svejsning er afg\u00f8rende for mange industrier, da den sikrer p\u00e5lidelige og t\u00e6tte r\u00f8rforbindelser. smede Smedning [&hellip;]<\/p>\n","protected":false},"author":2,"featured_media":0,"parent":0,"menu_order":0,"comment_status":"closed","ping_status":"closed","template":"elementor_header_footer","meta":{"footnotes":""},"class_list":["post-61","page","type-page","status-publish","hentry"],"_links":{"self":[{"href":"https:\/\/haj-smeden.dk\/index.php?rest_route=\/wp\/v2\/pages\/61","targetHints":{"allow":["GET"]}}],"collection":[{"href":"https:\/\/haj-smeden.dk\/index.php?rest_route=\/wp\/v2\/pages"}],"about":[{"href":"https:\/\/haj-smeden.dk\/index.php?rest_route=\/wp\/v2\/types\/page"}],"author":[{"embeddable":true,"href":"https:\/\/haj-smeden.dk\/index.php?rest_route=\/wp\/v2\/users\/2"}],"replies":[{"embeddable":true,"href":"https:\/\/haj-smeden.dk\/index.php?rest_route=%2Fwp%2Fv2%2Fcomments&post=61"}],"version-history":[{"count":13,"href":"https:\/\/haj-smeden.dk\/index.php?rest_route=\/wp\/v2\/pages\/61\/revisions"}],"predecessor-version":[{"id":247,"href":"https:\/\/haj-smeden.dk\/index.php?rest_route=\/wp\/v2\/pages\/61\/revisions\/247"}],"wp:attachment":[{"href":"https:\/\/haj-smeden.dk\/index.php?rest_route=%2Fwp%2Fv2%2Fmedia&parent=61"}],"curies":[{"name":"wp","href":"https:\/\/api.w.org\/{rel}","templated":true}]}}